{"id":24849,"date":"2022-10-24T20:26:25","date_gmt":"2022-10-24T20:26:25","guid":{"rendered":"https:\/\/academiaiure.com\/inicio\/?page_id=24849"},"modified":"2025-07-22T01:11:20","modified_gmt":"2025-07-22T01:11:20","slug":"dario-rios","status":"publish","type":"page","link":"https:\/\/academiaiure.com\/inicio\/dario-rios\/","title":{"rendered":"Dar\u00edo Rios"},"content":{"rendered":"\t\t<div data-elementor-type=\"wp-page\" data-elementor-id=\"24849\" class=\"elementor elementor-24849\">\n\t\t\t\t\t\t<section class=\"elementor-section elementor-top-section elementor-element elementor-element-d0736d5 elementor-section-boxed elementor-section-height-default elementor-section-height-default\" data-id=\"d0736d5\" data-element_type=\"section\" data-settings=\"{&quot;_ha_eqh_enable&quot;:false}\">\n\t\t\t\t\t\t<div class=\"elementor-container elementor-column-gap-default\">\n\t\t\t\t\t<div class=\"elementor-column elementor-col-50 elementor-top-column elementor-element elementor-element-4616248\" data-id=\"4616248\" data-element_type=\"column\">\n\t\t\t<div class=\"elementor-widget-wrap elementor-element-populated\">\n\t\t\t\t\t\t<div class=\"elementor-element elementor-element-5e18059 elementor-widget elementor-widget-image\" data-id=\"5e18059\" data-element_type=\"widget\" data-widget_type=\"image.default\">\n\t\t\t\t<div class=\"elementor-widget-container\">\n\t\t\t<style>\/*! elementor - v3.20.0 - 11-03-2024 *\/\n.elementor-widget-image{text-align:center}.elementor-widget-image a{display:inline-block}.elementor-widget-image a img[src$=\".svg\"]{width:48px}.elementor-widget-image img{vertical-align:middle;display:inline-block}<\/style>\t\t\t\t\t\t\t\t\t\t<img fetchpriority=\"high\" decoding=\"async\" width=\"806\" height=\"1024\" src=\"https:\/\/academiaiure.com\/inicio\/wp-content\/uploads\/2025\/07\/WhatsApp-Image-2025-07-18-at-11.31.01-806x1024.jpeg\" class=\"attachment-large size-large wp-image-28172\" alt=\"\" srcset=\"https:\/\/academiaiure.com\/inicio\/wp-content\/uploads\/2025\/07\/WhatsApp-Image-2025-07-18-at-11.31.01-806x1024.jpeg 806w, https:\/\/academiaiure.com\/inicio\/wp-content\/uploads\/2025\/07\/WhatsApp-Image-2025-07-18-at-11.31.01-236x300.jpeg 236w, https:\/\/academiaiure.com\/inicio\/wp-content\/uploads\/2025\/07\/WhatsApp-Image-2025-07-18-at-11.31.01-768x975.jpeg 768w, https:\/\/academiaiure.com\/inicio\/wp-content\/uploads\/2025\/07\/WhatsApp-Image-2025-07-18-at-11.31.01-1210x1536.jpeg 1210w, https:\/\/academiaiure.com\/inicio\/wp-content\/uploads\/2025\/07\/WhatsApp-Image-2025-07-18-at-11.31.01-600x762.jpeg 600w, https:\/\/academiaiure.com\/inicio\/wp-content\/uploads\/2025\/07\/WhatsApp-Image-2025-07-18-at-11.31.01.jpeg 1260w\" sizes=\"(max-width: 806px) 100vw, 806px\" \/>\t\t\t\t\t\t\t\t\t\t\t\t\t<\/div>\n\t\t\t\t<\/div>\n\t\t\t\t\t<\/div>\n\t\t<\/div>\n\t\t\t\t<div class=\"elementor-column elementor-col-50 elementor-top-column elementor-element elementor-element-aabbad6\" data-id=\"aabbad6\" data-element_type=\"column\">\n\t\t\t<div class=\"elementor-widget-wrap elementor-element-populated\">\n\t\t\t\t\t\t<div class=\"elementor-element elementor-element-3873c39 elementor-widget elementor-widget-spacer\" data-id=\"3873c39\" data-element_type=\"widget\" data-widget_type=\"spacer.default\">\n\t\t\t\t<div class=\"elementor-widget-container\">\n\t\t\t<style>\/*! elementor - v3.20.0 - 11-03-2024 *\/\n.elementor-column .elementor-spacer-inner{height:var(--spacer-size)}.e-con{--container-widget-width:100%}.e-con-inner>.elementor-widget-spacer,.e-con>.elementor-widget-spacer{width:var(--container-widget-width,var(--spacer-size));--align-self:var(--container-widget-align-self,initial);--flex-shrink:0}.e-con-inner>.elementor-widget-spacer>.elementor-widget-container,.e-con>.elementor-widget-spacer>.elementor-widget-container{height:100%;width:100%}.e-con-inner>.elementor-widget-spacer>.elementor-widget-container>.elementor-spacer,.e-con>.elementor-widget-spacer>.elementor-widget-container>.elementor-spacer{height:100%}.e-con-inner>.elementor-widget-spacer>.elementor-widget-container>.elementor-spacer>.elementor-spacer-inner,.e-con>.elementor-widget-spacer>.elementor-widget-container>.elementor-spacer>.elementor-spacer-inner{height:var(--container-widget-height,var(--spacer-size))}.e-con-inner>.elementor-widget-spacer.elementor-widget-empty,.e-con>.elementor-widget-spacer.elementor-widget-empty{position:relative;min-height:22px;min-width:22px}.e-con-inner>.elementor-widget-spacer.elementor-widget-empty .elementor-widget-empty-icon,.e-con>.elementor-widget-spacer.elementor-widget-empty .elementor-widget-empty-icon{position:absolute;top:0;bottom:0;left:0;right:0;margin:auto;padding:0;width:22px;height:22px}<\/style>\t\t<div class=\"elementor-spacer\">\n\t\t\t<div class=\"elementor-spacer-inner\"><\/div>\n\t\t<\/div>\n\t\t\t\t<\/div>\n\t\t\t\t<\/div>\n\t\t\t\t<div class=\"elementor-element elementor-element-04566b2 elementor-widget elementor-widget-spacer\" data-id=\"04566b2\" data-element_type=\"widget\" data-widget_type=\"spacer.default\">\n\t\t\t\t<div class=\"elementor-widget-container\">\n\t\t\t\t\t<div class=\"elementor-spacer\">\n\t\t\t<div class=\"elementor-spacer-inner\"><\/div>\n\t\t<\/div>\n\t\t\t\t<\/div>\n\t\t\t\t<\/div>\n\t\t\t\t<div class=\"elementor-element elementor-element-e1560fb elementor-widget elementor-widget-text-editor\" data-id=\"e1560fb\" data-element_type=\"widget\" data-widget_type=\"text-editor.default\">\n\t\t\t\t<div class=\"elementor-widget-container\">\n\t\t\t<style>\/*! elementor - v3.20.0 - 11-03-2024 *\/\n.elementor-widget-text-editor.elementor-drop-cap-view-stacked .elementor-drop-cap{background-color:#69727d;color:#fff}.elementor-widget-text-editor.elementor-drop-cap-view-framed .elementor-drop-cap{color:#69727d;border:3px solid;background-color:transparent}.elementor-widget-text-editor:not(.elementor-drop-cap-view-default) .elementor-drop-cap{margin-top:8px}.elementor-widget-text-editor:not(.elementor-drop-cap-view-default) .elementor-drop-cap-letter{width:1em;height:1em}.elementor-widget-text-editor .elementor-drop-cap{float:left;text-align:center;line-height:1;font-size:50px}.elementor-widget-text-editor .elementor-drop-cap-letter{display:inline-block}<\/style>\t\t\t\t<h4 class=\"elementor-heading-title elementor-size-default\"><span style=\"color: #000000;\">Darwing Dar\u00edo R\u00edos Ar\u00e9valo<\/span><\/h4><p><span style=\"color: #000000;\"><strong>Profesor en Derecho Mercantil <\/strong><\/span><\/p><p><span style=\"color: #000000;\">&#8211; Abogado y Notario. <\/span><br \/><span style=\"color: #000000;\">&#8211; Estudios de Postgrado en Derecho Tributario.<\/span><br \/><span style=\"color: #000000;\">&#8211; Docente en el \u00c1rea del Derecho Mercantil.<\/span><br \/><span style=\"color: #000000;\">&#8211; Asesor Corporativo de Entidades Mercantiles.<\/span><br \/><span style=\"color: #000000;\">&#8211; Profesional en ejercicio por m\u00e1s de 10 a\u00f1os.<\/span><\/p>\t\t\t\t\t\t<\/div>\n\t\t\t\t<\/div>\n\t\t\t\t\t<\/div>\n\t\t<\/div>\n\t\t\t\t\t<\/div>\n\t\t<\/section>\n\t\t\t\t<\/div>\n\t\t","protected":false},"excerpt":{"rendered":"<p>Darwing Dar\u00edo R\u00edos Ar\u00e9valo Profesor en Derecho Mercantil &#8211; Abogado y Notario. &#8211; Estudios de Postgrado en Derecho Tributario.&#8211; Docente en el \u00c1rea del Derecho Mercantil.&#8211; Asesor Corporativo de Entidades Mercantiles.&#8211; Profesional en ejercicio por m\u00e1s de 10 a\u00f1os.<\/p>\n","protected":false},"author":1,"featured_media":0,"parent":0,"menu_order":0,"comment_status":"closed","ping_status":"closed","template":"","meta":{"_uag_custom_page_level_css":"","site-sidebar-layout":"no-sidebar","site-content-layout":"page-builder","ast-site-content-layout":"","site-content-style":"default","site-sidebar-style":"default","ast-global-header-display":"","ast-banner-title-visibility":"","ast-main-header-display":"","ast-hfb-above-header-display":"","ast-hfb-below-header-display":"","ast-hfb-mobile-header-display":"","site-post-title":"disabled","ast-breadcrumbs-content":"","ast-featured-img":"disabled","footer-sml-layout":"","theme-transparent-header-meta":"","adv-header-id-meta":"","stick-header-meta":"","header-above-stick-meta":"","header-main-stick-meta":"","header-below-stick-meta":"","astra-migrate-meta-layouts":"default","ast-page-background-enabled":"default","ast-page-background-meta":{"desktop":{"background-color":"","background-image":"","background-repeat":"repeat","background-position":"center center","background-size":"auto","background-attachment":"scroll","background-type":"","background-media":"","overlay-type":"","overlay-color":"","overlay-gradient":""},"tablet":{"background-color":"","background-image":"","background-repeat":"repeat","background-position":"center center","background-size":"auto","background-attachment":"scroll","background-type":"","background-media":"","overlay-type":"","overlay-color":"","overlay-gradient":""},"mobile":{"background-color":"","background-image":"","background-repeat":"repeat","background-position":"center center","background-size":"auto","background-attachment":"scroll","background-type":"","background-media":"","overlay-type":"","overlay-color":"","overlay-gradient":""}},"ast-content-background-meta":{"desktop":{"background-color":"var(--ast-global-color-5)","background-image":"","background-repeat":"repeat","background-position":"center center","background-size":"auto","background-attachment":"scroll","background-type":"","background-media":"","overlay-type":"","overlay-color":"","overlay-gradient":""},"tablet":{"background-color":"var(--ast-global-color-5)","background-image":"","background-repeat":"repeat","background-position":"center center","background-size":"auto","background-attachment":"scroll","background-type":"","background-media":"","overlay-type":"","overlay-color":"","overlay-gradient":""},"mobile":{"background-color":"var(--ast-global-color-5)","background-image":"","background-repeat":"repeat","background-position":"center center","background-size":"auto","background-attachment":"scroll","background-type":"","background-media":"","overlay-type":"","overlay-color":"","overlay-gradient":""}},"_themeisle_gutenberg_block_has_review":false,"_joinchat":[],"footnotes":""},"class_list":["post-24849","page","type-page","status-publish","hentry"],"uagb_featured_image_src":{"full":false,"thumbnail":false,"medium":false,"medium_large":false,"large":false,"1536x1536":false,"2048x2048":false,"woocommerce_thumbnail":false,"woocommerce_single":false,"woocommerce_gallery_thumbnail":false},"uagb_author_info":{"display_name":"academia","author_link":"https:\/\/academiaiure.com\/inicio\/author\/academia\/"},"uagb_comment_info":0,"uagb_excerpt":"Darwing Dar\u00edo R\u00edos Ar\u00e9valo Profesor en Derecho Mercantil &#8211; Abogado y Notario. &#8211; Estudios de Postgrado en Derecho Tributario.&#8211; Docente en el \u00c1rea del Derecho Mercantil.&#8211; Asesor Corporativo de Entidades Mercantiles.&#8211; Profesional en ejercicio por m\u00e1s de 10 a\u00f1os.","_links":{"self":[{"href":"https:\/\/academiaiure.com\/inicio\/wp-json\/wp\/v2\/pages\/24849","targetHints":{"allow":["GET"]}}],"collection":[{"href":"https:\/\/academiaiure.com\/inicio\/wp-json\/wp\/v2\/pages"}],"about":[{"href":"https:\/\/academiaiure.com\/inicio\/wp-json\/wp\/v2\/types\/page"}],"author":[{"embeddable":true,"href":"https:\/\/academiaiure.com\/inicio\/wp-json\/wp\/v2\/users\/1"}],"replies":[{"embeddable":true,"href":"https:\/\/academiaiure.com\/inicio\/wp-json\/wp\/v2\/comments?post=24849"}],"version-history":[{"count":16,"href":"https:\/\/academiaiure.com\/inicio\/wp-json\/wp\/v2\/pages\/24849\/revisions"}],"predecessor-version":[{"id":28178,"href":"https:\/\/academiaiure.com\/inicio\/wp-json\/wp\/v2\/pages\/24849\/revisions\/28178"}],"wp:attachment":[{"href":"https:\/\/academiaiure.com\/inicio\/wp-json\/wp\/v2\/media?parent=24849"}],"curies":[{"name":"wp","href":"https:\/\/api.w.org\/{rel}","templated":true}]}}