{"id":25124,"date":"2022-10-29T20:27:40","date_gmt":"2022-10-29T20:27:40","guid":{"rendered":"https:\/\/academiaiure.com\/inicio\/?page_id=25124"},"modified":"2022-10-29T20:30:50","modified_gmt":"2022-10-29T20:30:50","slug":"alejandro-martinez","status":"publish","type":"page","link":"https:\/\/academiaiure.com\/inicio\/alejandro-martinez\/","title":{"rendered":"Alejandro Mart\u00ednez"},"content":{"rendered":"\t\t<div data-elementor-type=\"wp-page\" data-elementor-id=\"25124\" class=\"elementor elementor-25124\">\n\t\t\t\t\t\t<section class=\"elementor-section elementor-top-section elementor-element elementor-element-253a29f elementor-section-boxed elementor-section-height-default elementor-section-height-default\" data-id=\"253a29f\" data-element_type=\"section\" data-settings=\"{&quot;_ha_eqh_enable&quot;:false}\">\n\t\t\t\t\t\t<div class=\"elementor-container elementor-column-gap-default\">\n\t\t\t\t\t<div class=\"elementor-column elementor-col-50 elementor-top-column elementor-element elementor-element-d2c093b\" data-id=\"d2c093b\" data-element_type=\"column\">\n\t\t\t<div class=\"elementor-widget-wrap elementor-element-populated\">\n\t\t\t\t\t\t<div class=\"elementor-element elementor-element-c071ee6 elementor-widget elementor-widget-image\" data-id=\"c071ee6\" data-element_type=\"widget\" data-widget_type=\"image.default\">\n\t\t\t\t<div class=\"elementor-widget-container\">\n\t\t\t<style>\/*! elementor - v3.20.0 - 11-03-2024 *\/\n.elementor-widget-image{text-align:center}.elementor-widget-image a{display:inline-block}.elementor-widget-image a img[src$=\".svg\"]{width:48px}.elementor-widget-image img{vertical-align:middle;display:inline-block}<\/style>\t\t\t\t\t\t\t\t\t\t<img fetchpriority=\"high\" decoding=\"async\" width=\"766\" height=\"1024\" src=\"https:\/\/academiaiure.com\/inicio\/wp-content\/uploads\/2022\/10\/Lic.-alejandro-1-766x1024.jpg\" class=\"attachment-large size-large wp-image-25099\" alt=\"\" srcset=\"https:\/\/academiaiure.com\/inicio\/wp-content\/uploads\/2022\/10\/Lic.-alejandro-1-766x1024.jpg 766w, https:\/\/academiaiure.com\/inicio\/wp-content\/uploads\/2022\/10\/Lic.-alejandro-1-scaled-600x802.jpg 600w, https:\/\/academiaiure.com\/inicio\/wp-content\/uploads\/2022\/10\/Lic.-alejandro-1-224x300.jpg 224w, https:\/\/academiaiure.com\/inicio\/wp-content\/uploads\/2022\/10\/Lic.-alejandro-1-768x1027.jpg 768w, https:\/\/academiaiure.com\/inicio\/wp-content\/uploads\/2022\/10\/Lic.-alejandro-1-1149x1536.jpg 1149w, https:\/\/academiaiure.com\/inicio\/wp-content\/uploads\/2022\/10\/Lic.-alejandro-1-1532x2048.jpg 1532w, https:\/\/academiaiure.com\/inicio\/wp-content\/uploads\/2022\/10\/Lic.-alejandro-1-scaled.jpg 1915w\" sizes=\"(max-width: 766px) 100vw, 766px\" \/>\t\t\t\t\t\t\t\t\t\t\t\t\t<\/div>\n\t\t\t\t<\/div>\n\t\t\t\t\t<\/div>\n\t\t<\/div>\n\t\t\t\t<div class=\"elementor-column elementor-col-50 elementor-top-column elementor-element elementor-element-59c1fc9\" data-id=\"59c1fc9\" data-element_type=\"column\">\n\t\t\t<div class=\"elementor-widget-wrap elementor-element-populated\">\n\t\t\t\t\t\t<div class=\"elementor-element elementor-element-5ad2cb8 elementor-widget elementor-widget-spacer\" data-id=\"5ad2cb8\" data-element_type=\"widget\" data-widget_type=\"spacer.default\">\n\t\t\t\t<div class=\"elementor-widget-container\">\n\t\t\t<style>\/*! elementor - v3.20.0 - 11-03-2024 *\/\n.elementor-column .elementor-spacer-inner{height:var(--spacer-size)}.e-con{--container-widget-width:100%}.e-con-inner>.elementor-widget-spacer,.e-con>.elementor-widget-spacer{width:var(--container-widget-width,var(--spacer-size));--align-self:var(--container-widget-align-self,initial);--flex-shrink:0}.e-con-inner>.elementor-widget-spacer>.elementor-widget-container,.e-con>.elementor-widget-spacer>.elementor-widget-container{height:100%;width:100%}.e-con-inner>.elementor-widget-spacer>.elementor-widget-container>.elementor-spacer,.e-con>.elementor-widget-spacer>.elementor-widget-container>.elementor-spacer{height:100%}.e-con-inner>.elementor-widget-spacer>.elementor-widget-container>.elementor-spacer>.elementor-spacer-inner,.e-con>.elementor-widget-spacer>.elementor-widget-container>.elementor-spacer>.elementor-spacer-inner{height:var(--container-widget-height,var(--spacer-size))}.e-con-inner>.elementor-widget-spacer.elementor-widget-empty,.e-con>.elementor-widget-spacer.elementor-widget-empty{position:relative;min-height:22px;min-width:22px}.e-con-inner>.elementor-widget-spacer.elementor-widget-empty .elementor-widget-empty-icon,.e-con>.elementor-widget-spacer.elementor-widget-empty .elementor-widget-empty-icon{position:absolute;top:0;bottom:0;left:0;right:0;margin:auto;padding:0;width:22px;height:22px}<\/style>\t\t<div class=\"elementor-spacer\">\n\t\t\t<div class=\"elementor-spacer-inner\"><\/div>\n\t\t<\/div>\n\t\t\t\t<\/div>\n\t\t\t\t<\/div>\n\t\t\t\t<div class=\"elementor-element elementor-element-d4e451a elementor-widget elementor-widget-text-editor\" data-id=\"d4e451a\" data-element_type=\"widget\" data-widget_type=\"text-editor.default\">\n\t\t\t\t<div class=\"elementor-widget-container\">\n\t\t\t<style>\/*! elementor - v3.20.0 - 11-03-2024 *\/\n.elementor-widget-text-editor.elementor-drop-cap-view-stacked .elementor-drop-cap{background-color:#69727d;color:#fff}.elementor-widget-text-editor.elementor-drop-cap-view-framed .elementor-drop-cap{color:#69727d;border:3px solid;background-color:transparent}.elementor-widget-text-editor:not(.elementor-drop-cap-view-default) .elementor-drop-cap{margin-top:8px}.elementor-widget-text-editor:not(.elementor-drop-cap-view-default) .elementor-drop-cap-letter{width:1em;height:1em}.elementor-widget-text-editor .elementor-drop-cap{float:left;text-align:center;line-height:1;font-size:50px}.elementor-widget-text-editor .elementor-drop-cap-letter{display:inline-block}<\/style>\t\t\t\t<p style=\"font-weight: 400;\"><strong>Alejandro Mart\u00ednez<\/strong><\/p><p>Asesor Jur\u00eddico de la Federaci\u00f3n Nacional de F\u00fatbol de Guatemala.\u00a0<\/p><div>Asesor Jur\u00eddico del Viceministerio de Inversi\u00f3n y Competencia del Ministerio de Econom\u00eda.<\/div><div>\u00a0<\/div><div>Asesor Jur\u00eddico del Ministerio de Agricultura, Ganader\u00eda y Alimentaci\u00f3n.\u00a0<\/div><div>\u00a0<\/div><div>Abogado y Notario egresado de la Universidad de San Carlos de Guatemala, profesional del Derecho comprometido con la mejora continua y el desarrollo de la academia, Asesor de m\u00faltiples instituciones gubernamentales, Notario en Ejercicio y Abogado Litigante.\u00a0<\/div>\t\t\t\t\t\t<\/div>\n\t\t\t\t<\/div>\n\t\t\t\t\t<\/div>\n\t\t<\/div>\n\t\t\t\t\t<\/div>\n\t\t<\/section>\n\t\t\t\t<\/div>\n\t\t","protected":false},"excerpt":{"rendered":"<p>Alejandro Mart\u00ednez Asesor Jur\u00eddico de la Federaci\u00f3n Nacional de F\u00fatbol de Guatemala.\u00a0 Asesor Jur\u00eddico del Viceministerio de Inversi\u00f3n y Competencia del Ministerio de Econom\u00eda.\u00a0Asesor Jur\u00eddico del Ministerio de Agricultura, Ganader\u00eda y Alimentaci\u00f3n.\u00a0\u00a0Abogado y Notario egresado de la Universidad de San Carlos de Guatemala, profesional del Derecho comprometido con la mejora continua y el desarrollo de [&hellip;]<\/p>\n","protected":false},"author":1,"featured_media":0,"parent":0,"menu_order":0,"comment_status":"closed","ping_status":"closed","template":"","meta":{"_uag_custom_page_level_css":"","site-sidebar-layout":"no-sidebar","site-content-layout":"page-builder","ast-site-content-layout":"","site-content-style":"default","site-sidebar-style":"default","ast-global-header-display":"","ast-banner-title-visibility":"","ast-main-header-display":"","ast-hfb-above-header-display":"","ast-hfb-below-header-display":"","ast-hfb-mobile-header-display":"","site-post-title":"disabled","ast-breadcrumbs-content":"","ast-featured-img":"disabled","footer-sml-layout":"","theme-transparent-header-meta":"","adv-header-id-meta":"","stick-header-meta":"","header-above-stick-meta":"","header-main-stick-meta":"","header-below-stick-meta":"","astra-migrate-meta-layouts":"default","ast-page-background-enabled":"default","ast-page-background-meta":{"desktop":{"background-color":"","background-image":"","background-repeat":"repeat","background-position":"center center","background-size":"auto","background-attachment":"scroll","background-type":"","background-media":"","overlay-type":"","overlay-color":"","overlay-gradient":""},"tablet":{"background-color":"","background-image":"","background-repeat":"repeat","background-position":"center center","background-size":"auto","background-attachment":"scroll","background-type":"","background-media":"","overlay-type":"","overlay-color":"","overlay-gradient":""},"mobile":{"background-color":"","background-image":"","background-repeat":"repeat","background-position":"center center","background-size":"auto","background-attachment":"scroll","background-type":"","background-media":"","overlay-type":"","overlay-color":"","overlay-gradient":""}},"ast-content-background-meta":{"desktop":{"background-color":"var(--ast-global-color-5)","background-image":"","background-repeat":"repeat","background-position":"center center","background-size":"auto","background-attachment":"scroll","background-type":"","background-media":"","overlay-type":"","overlay-color":"","overlay-gradient":""},"tablet":{"background-color":"var(--ast-global-color-5)","background-image":"","background-repeat":"repeat","background-position":"center center","background-size":"auto","background-attachment":"scroll","background-type":"","background-media":"","overlay-type":"","overlay-color":"","overlay-gradient":""},"mobile":{"background-color":"var(--ast-global-color-5)","background-image":"","background-repeat":"repeat","background-position":"center center","background-size":"auto","background-attachment":"scroll","background-type":"","background-media":"","overlay-type":"","overlay-color":"","overlay-gradient":""}},"_themeisle_gutenberg_block_has_review":false,"_joinchat":[],"footnotes":""},"class_list":["post-25124","page","type-page","status-publish","hentry"],"uagb_featured_image_src":{"full":false,"thumbnail":false,"medium":false,"medium_large":false,"large":false,"1536x1536":false,"2048x2048":false,"woocommerce_thumbnail":false,"woocommerce_single":false,"woocommerce_gallery_thumbnail":false},"uagb_author_info":{"display_name":"academia","author_link":"https:\/\/academiaiure.com\/inicio\/author\/academia\/"},"uagb_comment_info":0,"uagb_excerpt":"Alejandro Mart\u00ednez Asesor Jur\u00eddico de la Federaci\u00f3n Nacional de F\u00fatbol de Guatemala.\u00a0 Asesor Jur\u00eddico del Viceministerio de Inversi\u00f3n y Competencia del Ministerio de Econom\u00eda.\u00a0Asesor Jur\u00eddico del Ministerio de Agricultura, Ganader\u00eda y Alimentaci\u00f3n.\u00a0\u00a0Abogado y Notario egresado de la Universidad de San Carlos de Guatemala, profesional del Derecho comprometido con la mejora continua y el desarrollo de&hellip;","_links":{"self":[{"href":"https:\/\/academiaiure.com\/inicio\/wp-json\/wp\/v2\/pages\/25124","targetHints":{"allow":["GET"]}}],"collection":[{"href":"https:\/\/academiaiure.com\/inicio\/wp-json\/wp\/v2\/pages"}],"about":[{"href":"https:\/\/academiaiure.com\/inicio\/wp-json\/wp\/v2\/types\/page"}],"author":[{"embeddable":true,"href":"https:\/\/academiaiure.com\/inicio\/wp-json\/wp\/v2\/users\/1"}],"replies":[{"embeddable":true,"href":"https:\/\/academiaiure.com\/inicio\/wp-json\/wp\/v2\/comments?post=25124"}],"version-history":[{"count":7,"href":"https:\/\/academiaiure.com\/inicio\/wp-json\/wp\/v2\/pages\/25124\/revisions"}],"predecessor-version":[{"id":25134,"href":"https:\/\/academiaiure.com\/inicio\/wp-json\/wp\/v2\/pages\/25124\/revisions\/25134"}],"wp:attachment":[{"href":"https:\/\/academiaiure.com\/inicio\/wp-json\/wp\/v2\/media?parent=25124"}],"curies":[{"name":"wp","href":"https:\/\/api.w.org\/{rel}","templated":true}]}}