{"id":27576,"date":"2024-03-12T18:31:10","date_gmt":"2024-03-12T18:31:10","guid":{"rendered":"https:\/\/academiaiure.com\/inicio\/?page_id=27576"},"modified":"2024-03-12T20:24:25","modified_gmt":"2024-03-12T20:24:25","slug":"curso-intensivo-fase-privada","status":"publish","type":"page","link":"https:\/\/academiaiure.com\/inicio\/curso-intensivo-fase-privada\/","title":{"rendered":"curso intensivo fase privada"},"content":{"rendered":"\t\t<div data-elementor-type=\"wp-page\" data-elementor-id=\"27576\" class=\"elementor elementor-27576\">\n\t\t\t\t\t\t<section class=\"elementor-section elementor-top-section elementor-element elementor-element-4243797 elementor-section-full_width elementor-section-height-default elementor-section-height-default\" data-id=\"4243797\" data-element_type=\"section\" data-settings=\"{&quot;_ha_eqh_enable&quot;:false}\">\n\t\t\t\t\t\t<div class=\"elementor-container elementor-column-gap-default\">\n\t\t\t\t\t<div class=\"elementor-column elementor-col-100 elementor-top-column elementor-element elementor-element-6410d67\" data-id=\"6410d67\" data-element_type=\"column\">\n\t\t\t<div class=\"elementor-widget-wrap\">\n\t\t\t\t\t\t\t<\/div>\n\t\t<\/div>\n\t\t\t\t\t<\/div>\n\t\t<\/section>\n\t\t\t\t<section class=\"elementor-section elementor-top-section elementor-element elementor-element-8185f6f elementor-section-full_width elementor-section-height-default elementor-section-height-default\" data-id=\"8185f6f\" data-element_type=\"section\" data-settings=\"{&quot;_ha_eqh_enable&quot;:false}\">\n\t\t\t\t\t\t<div class=\"elementor-container elementor-column-gap-default\">\n\t\t\t\t\t<div class=\"elementor-column elementor-col-100 elementor-top-column elementor-element elementor-element-b749235\" data-id=\"b749235\" data-element_type=\"column\">\n\t\t\t<div class=\"elementor-widget-wrap elementor-element-populated\">\n\t\t\t\t\t\t<div class=\"elementor-element elementor-element-224cd62 elementor-widget elementor-widget-image\" data-id=\"224cd62\" data-element_type=\"widget\" data-widget_type=\"image.default\">\n\t\t\t\t<div class=\"elementor-widget-container\">\n\t\t\t<style>\/*! elementor - v3.20.0 - 11-03-2024 *\/\n.elementor-widget-image{text-align:center}.elementor-widget-image a{display:inline-block}.elementor-widget-image a img[src$=\".svg\"]{width:48px}.elementor-widget-image img{vertical-align:middle;display:inline-block}<\/style>\t\t\t\t\t\t\t\t\t\t<img fetchpriority=\"high\" decoding=\"async\" width=\"1640\" height=\"461\" src=\"https:\/\/academiaiure.com\/inicio\/wp-content\/uploads\/2024\/03\/banner-2-intensivo-fase-privada_optimized.jpg\" class=\"attachment-full size-full wp-image-27624\" alt=\"\" srcset=\"https:\/\/academiaiure.com\/inicio\/wp-content\/uploads\/2024\/03\/banner-2-intensivo-fase-privada_optimized.jpg 1640w, https:\/\/academiaiure.com\/inicio\/wp-content\/uploads\/2024\/03\/banner-2-intensivo-fase-privada_optimized-300x84.jpg 300w, https:\/\/academiaiure.com\/inicio\/wp-content\/uploads\/2024\/03\/banner-2-intensivo-fase-privada_optimized-1024x288.jpg 1024w, https:\/\/academiaiure.com\/inicio\/wp-content\/uploads\/2024\/03\/banner-2-intensivo-fase-privada_optimized-768x216.jpg 768w, https:\/\/academiaiure.com\/inicio\/wp-content\/uploads\/2024\/03\/banner-2-intensivo-fase-privada_optimized-1536x432.jpg 1536w, https:\/\/academiaiure.com\/inicio\/wp-content\/uploads\/2024\/03\/banner-2-intensivo-fase-privada_optimized-600x169.jpg 600w\" sizes=\"(max-width: 1640px) 100vw, 1640px\" \/>\t\t\t\t\t\t\t\t\t\t\t\t\t<\/div>\n\t\t\t\t<\/div>\n\t\t\t\t\t<\/div>\n\t\t<\/div>\n\t\t\t\t\t<\/div>\n\t\t<\/section>\n\t\t\t\t<section class=\"elementor-section elementor-top-section elementor-element elementor-element-f40bd8f elementor-section-boxed elementor-section-height-default elementor-section-height-default\" data-id=\"f40bd8f\" data-element_type=\"section\" data-settings=\"{&quot;_ha_eqh_enable&quot;:false}\">\n\t\t\t\t\t\t<div class=\"elementor-container elementor-column-gap-default\">\n\t\t\t\t\t<div class=\"elementor-column elementor-col-50 elementor-top-column elementor-element elementor-element-4a159e2\" data-id=\"4a159e2\" data-element_type=\"column\">\n\t\t\t<div class=\"elementor-widget-wrap elementor-element-populated\">\n\t\t\t\t\t\t<div class=\"elementor-element elementor-element-81ef7a7 elementor-invisible elementor-widget elementor-widget-text-editor\" data-id=\"81ef7a7\" data-element_type=\"widget\" data-settings=\"{&quot;_animation&quot;:&quot;fadeInLeft&quot;,&quot;_animation_delay&quot;:100}\" data-widget_type=\"text-editor.default\">\n\t\t\t\t<div class=\"elementor-widget-container\">\n\t\t\t<style>\/*! elementor - v3.20.0 - 11-03-2024 *\/\n.elementor-widget-text-editor.elementor-drop-cap-view-stacked .elementor-drop-cap{background-color:#69727d;color:#fff}.elementor-widget-text-editor.elementor-drop-cap-view-framed .elementor-drop-cap{color:#69727d;border:3px solid;background-color:transparent}.elementor-widget-text-editor:not(.elementor-drop-cap-view-default) .elementor-drop-cap{margin-top:8px}.elementor-widget-text-editor:not(.elementor-drop-cap-view-default) .elementor-drop-cap-letter{width:1em;height:1em}.elementor-widget-text-editor .elementor-drop-cap{float:left;text-align:center;line-height:1;font-size:50px}.elementor-widget-text-editor .elementor-drop-cap-letter{display:inline-block}<\/style>\t\t\t\t<p><strong><span style=\"color: #000000;\">CURSO<\/span><span style=\"color: #000000;\"> INTENSIVO FASE PRIVADA<\/span><\/strong><\/p><p><strong>Duraci\u00f3n<\/strong><br \/><strong>4 Meses Abril &#8211; Julio 2024<\/strong><\/p><p><strong>CONTENIDO:<\/strong><br \/>\u2705 Derecho Notariado<br \/>\u2705 Derecho Civil<br \/>\u2705 Derecho Procesal Civil<br \/>\u2705 Derecho Mercantil<br \/>\u2705 Redacci\u00f3n Notarial<\/p><p><strong>HORARIO:<\/strong><br \/><strong>PRESENCIAL<\/strong><\/p><p>D\u00eda s\u00e1bado<br \/>De 8:00 am a 16:00 HRS<\/p>\t\t\t\t\t\t<\/div>\n\t\t\t\t<\/div>\n\t\t\t\t\t<\/div>\n\t\t<\/div>\n\t\t\t\t<div class=\"elementor-column elementor-col-50 elementor-top-column elementor-element elementor-element-e79b8c5\" data-id=\"e79b8c5\" data-element_type=\"column\">\n\t\t\t<div class=\"elementor-widget-wrap elementor-element-populated\">\n\t\t\t\t\t\t<div class=\"elementor-element elementor-element-9351d3e elementor-invisible elementor-widget elementor-widget-text-editor\" data-id=\"9351d3e\" data-element_type=\"widget\" data-settings=\"{&quot;_animation&quot;:&quot;fadeInRight&quot;,&quot;_animation_delay&quot;:100}\" data-widget_type=\"text-editor.default\">\n\t\t\t\t<div class=\"elementor-widget-container\">\n\t\t\t\t\t\t\t<p><strong>CUPO LIMITADO<\/strong><br \/>___________________<\/p><p><strong>Fecha de inicio de clases:<\/strong><br \/>S\u00e1bado 6 de ABRIL del 2024<\/p><p><strong>CUPO LIMITADO<\/strong><\/p><p><strong><span style=\"color: #000000;\">Incluye:<\/span><\/strong><br \/><span style=\"color: #000000;\">\ud83d\udc49\ud83c\udffbAcceso a plataformas virtuales <\/span><br \/><span style=\"color: #000000;\">\ud83d\udc49\ud83c\udffbMaterial de estudio: gu\u00edas, cuestionarios y presentaciones de forma digital<\/span><br \/><span style=\"color: #000000;\">\ud83d\udc49\ud83c\udffbSimulacro del examen t\u00e9cnico profesional<\/span><br \/><span style=\"color: #000000;\">\ud83d\udc49\ud83c\udffbRespuesta a dudas de forma virtual <\/span><br \/><span style=\"color: #000000;\">\ud83d\udc49\ud83c\udffbGrabaci\u00f3n de clases, por si no la pudiste ver<\/span><\/p><p><span style=\"color: #000000;\">\ud83d\udfe1 Sujeto a cambios<\/span><\/p>\t\t\t\t\t\t<\/div>\n\t\t\t\t<\/div>\n\t\t\t\t\t<\/div>\n\t\t<\/div>\n\t\t\t\t\t<\/div>\n\t\t<\/section>\n\t\t\t\t<section class=\"elementor-section elementor-top-section elementor-element elementor-element-98abb6b elementor-section-boxed elementor-section-height-default elementor-section-height-default\" data-id=\"98abb6b\" data-element_type=\"section\" data-settings=\"{&quot;_ha_eqh_enable&quot;:false}\">\n\t\t\t\t\t\t<div class=\"elementor-container elementor-column-gap-default\">\n\t\t\t\t\t<div class=\"elementor-column elementor-col-50 elementor-top-column elementor-element elementor-element-67dfd15\" data-id=\"67dfd15\" data-element_type=\"column\">\n\t\t\t<div class=\"elementor-widget-wrap\">\n\t\t\t\t\t\t\t<\/div>\n\t\t<\/div>\n\t\t\t\t<div class=\"elementor-column elementor-col-50 elementor-top-column elementor-element elementor-element-28b537a\" data-id=\"28b537a\" data-element_type=\"column\">\n\t\t\t<div class=\"elementor-widget-wrap elementor-element-populated\">\n\t\t\t\t\t\t<div class=\"elementor-element elementor-element-4d60e00 elementor-align-center elementor-widget__width-initial elementor-invisible elementor-widget elementor-widget-button\" data-id=\"4d60e00\" data-element_type=\"widget\" data-settings=\"{&quot;_animation&quot;:&quot;fadeIn&quot;}\" data-widget_type=\"button.default\">\n\t\t\t\t<div class=\"elementor-widget-container\">\n\t\t\t\t\t<div class=\"elementor-button-wrapper\">\n\t\t\t<a class=\"elementor-button elementor-button-link elementor-size-sm elementor-animation-pulse-grow\" href=\"https:\/\/api.whatsapp.com\/send\/?phone=50242622737&#038;text=Hola+%2AIURE%2A.+Necesito+m%C3%A1s+informaci%C3%B3n+sobre+IURE+https%3A%2F%2Facademiaiure.com%2Finicio&#038;type=phone_number&#038;app_absent=0\">\n\t\t\t\t\t\t<span class=\"elementor-button-content-wrapper\">\n\t\t\t\t\t\t<span class=\"elementor-button-text\">INSCR\u00cdBETE AHORA<\/span>\n\t\t<\/span>\n\t\t\t\t\t<\/a>\n\t\t<\/div>\n\t\t\t\t<\/div>\n\t\t\t\t<\/div>\n\t\t\t\t\t<\/div>\n\t\t<\/div>\n\t\t\t\t\t<\/div>\n\t\t<\/section>\n\t\t\t\t<section class=\"elementor-section elementor-top-section elementor-element elementor-element-7a68bdd elementor-section-boxed elementor-section-height-default elementor-section-height-default elementor-invisible\" data-id=\"7a68bdd\" data-element_type=\"section\" data-settings=\"{&quot;animation&quot;:&quot;fadeIn&quot;,&quot;_ha_eqh_enable&quot;:false}\">\n\t\t\t\t\t\t<div class=\"elementor-container elementor-column-gap-default\">\n\t\t\t\t\t<div class=\"elementor-column elementor-col-100 elementor-top-column elementor-element elementor-element-efc3509\" data-id=\"efc3509\" data-element_type=\"column\">\n\t\t\t<div class=\"elementor-widget-wrap elementor-element-populated\">\n\t\t\t\t\t\t<div class=\"elementor-element elementor-element-be108c5 elementor-align-center elementor-widget__width-initial elementor-widget-mobile__width-initial elementor-invisible elementor-widget elementor-widget-button\" data-id=\"be108c5\" data-element_type=\"widget\" data-settings=\"{&quot;_animation&quot;:&quot;fadeIn&quot;}\" data-widget_type=\"button.default\">\n\t\t\t\t<div class=\"elementor-widget-container\">\n\t\t\t\t\t<div class=\"elementor-button-wrapper\">\n\t\t\t<a class=\"elementor-button elementor-button-link elementor-size-xl elementor-animation-pulse-grow\" href=\"https:\/\/api.whatsapp.com\/send\/?phone=50242622737&#038;text=Hola+%2AIURE%2A.+Necesito+m%C3%A1s+informaci%C3%B3n+sobre+IURE+https%3A%2F%2Facademiaiure.com%2Finicio&#038;type=phone_number&#038;app_absent=0\">\n\t\t\t\t\t\t<span class=\"elementor-button-content-wrapper\">\n\t\t\t\t\t\t<span class=\"elementor-button-icon elementor-align-icon-left\">\n\t\t\t\t<i aria-hidden=\"true\" class=\"fab fa-whatsapp\"><\/i>\t\t\t<\/span>\n\t\t\t\t\t\t<span class=\"elementor-button-text\">M\u00e1s informaci\u00f3n<\/span>\n\t\t<\/span>\n\t\t\t\t\t<\/a>\n\t\t<\/div>\n\t\t\t\t<\/div>\n\t\t\t\t<\/div>\n\t\t\t\t\t<\/div>\n\t\t<\/div>\n\t\t\t\t\t<\/div>\n\t\t<\/section>\n\t\t\t\t<section class=\"elementor-section elementor-top-section elementor-element elementor-element-b153cb4 elementor-section-boxed elementor-section-height-default elementor-section-height-default\" data-id=\"b153cb4\" data-element_type=\"section\" data-settings=\"{&quot;_ha_eqh_enable&quot;:false}\">\n\t\t\t\t\t\t<div class=\"elementor-container elementor-column-gap-default\">\n\t\t\t\t\t<div class=\"elementor-column elementor-col-100 elementor-top-column elementor-element elementor-element-3dae4e6\" data-id=\"3dae4e6\" data-element_type=\"column\">\n\t\t\t<div class=\"elementor-widget-wrap elementor-element-populated\">\n\t\t\t\t\t\t<div class=\"elementor-element elementor-element-01414d1 elementor-widget elementor-widget-text-editor\" data-id=\"01414d1\" data-element_type=\"widget\" data-widget_type=\"text-editor.default\">\n\t\t\t\t<div class=\"elementor-widget-container\">\n\t\t\t\t\t\t\t<p style=\"text-align: center;\">10 calle 11-44 zona 1, Guatemala\u00a0 \u00a0 \u00a0 +502 4262 2737<\/p>\t\t\t\t\t\t<\/div>\n\t\t\t\t<\/div>\n\t\t\t\t\t<\/div>\n\t\t<\/div>\n\t\t\t\t\t<\/div>\n\t\t<\/section>\n\t\t\t\t<section class=\"elementor-section elementor-top-section elementor-element elementor-element-b7e0cef elementor-section-boxed elementor-section-height-default elementor-section-height-default\" data-id=\"b7e0cef\" data-element_type=\"section\" data-settings=\"{&quot;_ha_eqh_enable&quot;:false}\">\n\t\t\t\t\t\t<div class=\"elementor-container elementor-column-gap-default\">\n\t\t\t\t\t<div class=\"elementor-column elementor-col-100 elementor-top-column elementor-element elementor-element-a82c7af\" data-id=\"a82c7af\" data-element_type=\"column\">\n\t\t\t<div class=\"elementor-widget-wrap elementor-element-populated\">\n\t\t\t\t\t\t<div class=\"elementor-element elementor-element-fa9929c elementor-button-danger elementor-align-center elementor-widget__width-initial e-transform elementor-widget-mobile__width-initial elementor-widget elementor-widget-button\" data-id=\"fa9929c\" data-element_type=\"widget\" data-settings=\"{&quot;_transform_rotateZ_effect&quot;:{&quot;unit&quot;:&quot;px&quot;,&quot;size&quot;:&quot;&quot;,&quot;sizes&quot;:[]},&quot;_transform_rotateZ_effect_tablet&quot;:{&quot;unit&quot;:&quot;deg&quot;,&quot;size&quot;:&quot;&quot;,&quot;sizes&quot;:[]},&quot;_transform_rotateZ_effect_mobile&quot;:{&quot;unit&quot;:&quot;deg&quot;,&quot;size&quot;:&quot;&quot;,&quot;sizes&quot;:[]}}\" data-widget_type=\"button.default\">\n\t\t\t\t<div class=\"elementor-widget-container\">\n\t\t\t\t\t<div class=\"elementor-button-wrapper\">\n\t\t\t<a class=\"elementor-button elementor-button-link elementor-size-xl\" href=\"https:\/\/www.facebook.com\/academiaiure\">\n\t\t\t\t\t\t<span class=\"elementor-button-content-wrapper\">\n\t\t\t\t\t\t<span class=\"elementor-button-icon elementor-align-icon-left\">\n\t\t\t\t<i aria-hidden=\"true\" class=\"fab fa-facebook-square\"><\/i>\t\t\t<\/span>\n\t\t\t\t\t\t<span class=\"elementor-button-text\"><\/span>\n\t\t<\/span>\n\t\t\t\t\t<\/a>\n\t\t<\/div>\n\t\t\t\t<\/div>\n\t\t\t\t<\/div>\n\t\t\t\t<div class=\"elementor-element elementor-element-bf1e99d elementor-button-danger elementor-align-center elementor-widget__width-initial e-transform elementor-widget-mobile__width-initial elementor-widget elementor-widget-button\" data-id=\"bf1e99d\" data-element_type=\"widget\" data-settings=\"{&quot;_transform_rotateZ_effect&quot;:{&quot;unit&quot;:&quot;px&quot;,&quot;size&quot;:&quot;&quot;,&quot;sizes&quot;:[]},&quot;_transform_rotateZ_effect_tablet&quot;:{&quot;unit&quot;:&quot;deg&quot;,&quot;size&quot;:&quot;&quot;,&quot;sizes&quot;:[]},&quot;_transform_rotateZ_effect_mobile&quot;:{&quot;unit&quot;:&quot;deg&quot;,&quot;size&quot;:&quot;&quot;,&quot;sizes&quot;:[]}}\" data-widget_type=\"button.default\">\n\t\t\t\t<div class=\"elementor-widget-container\">\n\t\t\t\t\t<div class=\"elementor-button-wrapper\">\n\t\t\t<a class=\"elementor-button elementor-button-link elementor-size-xl\" href=\"https:\/\/www.instagram.com\/academiaiure\/\">\n\t\t\t\t\t\t<span class=\"elementor-button-content-wrapper\">\n\t\t\t\t\t\t<span class=\"elementor-button-icon elementor-align-icon-left\">\n\t\t\t\t<i aria-hidden=\"true\" class=\"fab fa-instagram\"><\/i>\t\t\t<\/span>\n\t\t\t\t\t\t<span class=\"elementor-button-text\"><\/span>\n\t\t<\/span>\n\t\t\t\t\t<\/a>\n\t\t<\/div>\n\t\t\t\t<\/div>\n\t\t\t\t<\/div>\n\t\t\t\t<div class=\"elementor-element elementor-element-dfee4f3 elementor-button-danger elementor-align-center elementor-widget__width-initial e-transform elementor-widget-mobile__width-initial elementor-widget elementor-widget-button\" data-id=\"dfee4f3\" data-element_type=\"widget\" data-settings=\"{&quot;_transform_rotateZ_effect&quot;:{&quot;unit&quot;:&quot;px&quot;,&quot;size&quot;:&quot;&quot;,&quot;sizes&quot;:[]},&quot;_transform_rotateZ_effect_tablet&quot;:{&quot;unit&quot;:&quot;deg&quot;,&quot;size&quot;:&quot;&quot;,&quot;sizes&quot;:[]},&quot;_transform_rotateZ_effect_mobile&quot;:{&quot;unit&quot;:&quot;deg&quot;,&quot;size&quot;:&quot;&quot;,&quot;sizes&quot;:[]}}\" data-widget_type=\"button.default\">\n\t\t\t\t<div class=\"elementor-widget-container\">\n\t\t\t\t\t<div class=\"elementor-button-wrapper\">\n\t\t\t<a class=\"elementor-button elementor-button-link elementor-size-xl\" href=\"https:\/\/twitter.com\/AcademiaIuregt\">\n\t\t\t\t\t\t<span class=\"elementor-button-content-wrapper\">\n\t\t\t\t\t\t<span class=\"elementor-button-icon elementor-align-icon-left\">\n\t\t\t\t<svg xmlns=\"http:\/\/www.w3.org\/2000\/svg\" id=\"Capa_1\" data-name=\"Capa 1\" viewBox=\"0 0 24 24\"><path d=\"m18.9,1.153h3.682l-8.042,9.189,9.46,12.506h-7.405l-5.804-7.583-6.634,7.583H.469l8.6-9.831L0,1.153h7.593l5.241,6.931,6.065-6.931Zm-1.293,19.494h2.039L6.482,3.239h-2.19l13.314,17.408Z\"><\/path><\/svg>\t\t\t<\/span>\n\t\t\t\t\t\t<span class=\"elementor-button-text\"><\/span>\n\t\t<\/span>\n\t\t\t\t\t<\/a>\n\t\t<\/div>\n\t\t\t\t<\/div>\n\t\t\t\t<\/div>\n\t\t\t\t<div class=\"elementor-element elementor-element-e342f90 elementor-button-danger elementor-align-center elementor-widget__width-initial e-transform elementor-widget-mobile__width-initial elementor-widget elementor-widget-button\" data-id=\"e342f90\" data-element_type=\"widget\" data-settings=\"{&quot;_transform_rotateZ_effect&quot;:{&quot;unit&quot;:&quot;px&quot;,&quot;size&quot;:&quot;&quot;,&quot;sizes&quot;:[]},&quot;_transform_rotateZ_effect_tablet&quot;:{&quot;unit&quot;:&quot;deg&quot;,&quot;size&quot;:&quot;&quot;,&quot;sizes&quot;:[]},&quot;_transform_rotateZ_effect_mobile&quot;:{&quot;unit&quot;:&quot;deg&quot;,&quot;size&quot;:&quot;&quot;,&quot;sizes&quot;:[]}}\" data-widget_type=\"button.default\">\n\t\t\t\t<div class=\"elementor-widget-container\">\n\t\t\t\t\t<div class=\"elementor-button-wrapper\">\n\t\t\t<a class=\"elementor-button elementor-button-link elementor-size-xl\" href=\"https:\/\/www.tiktok.com\/@academiaiure\">\n\t\t\t\t\t\t<span class=\"elementor-button-content-wrapper\">\n\t\t\t\t\t\t<span class=\"elementor-button-icon elementor-align-icon-left\">\n\t\t\t\t<i aria-hidden=\"true\" class=\"fab fa-tiktok\"><\/i>\t\t\t<\/span>\n\t\t\t\t\t\t<span class=\"elementor-button-text\"><\/span>\n\t\t<\/span>\n\t\t\t\t\t<\/a>\n\t\t<\/div>\n\t\t\t\t<\/div>\n\t\t\t\t<\/div>\n\t\t\t\t<div class=\"elementor-element elementor-element-1305625 elementor-button-danger elementor-align-center elementor-widget__width-initial e-transform elementor-widget-mobile__width-initial elementor-widget elementor-widget-button\" data-id=\"1305625\" data-element_type=\"widget\" data-settings=\"{&quot;_transform_rotateZ_effect&quot;:{&quot;unit&quot;:&quot;px&quot;,&quot;size&quot;:&quot;&quot;,&quot;sizes&quot;:[]},&quot;_transform_rotateZ_effect_tablet&quot;:{&quot;unit&quot;:&quot;deg&quot;,&quot;size&quot;:&quot;&quot;,&quot;sizes&quot;:[]},&quot;_transform_rotateZ_effect_mobile&quot;:{&quot;unit&quot;:&quot;deg&quot;,&quot;size&quot;:&quot;&quot;,&quot;sizes&quot;:[]}}\" data-widget_type=\"button.default\">\n\t\t\t\t<div class=\"elementor-widget-container\">\n\t\t\t\t\t<div class=\"elementor-button-wrapper\">\n\t\t\t<a class=\"elementor-button elementor-button-link elementor-size-xl\" href=\"https:\/\/www.youtube.com\/channel\/UCcwQbwZmqnUBIVMNdj0gKbw\">\n\t\t\t\t\t\t<span class=\"elementor-button-content-wrapper\">\n\t\t\t\t\t\t<span class=\"elementor-button-icon elementor-align-icon-left\">\n\t\t\t\t<i aria-hidden=\"true\" class=\"fab fa-youtube\"><\/i>\t\t\t<\/span>\n\t\t\t\t\t\t<span class=\"elementor-button-text\"><\/span>\n\t\t<\/span>\n\t\t\t\t\t<\/a>\n\t\t<\/div>\n\t\t\t\t<\/div>\n\t\t\t\t<\/div>\n\t\t\t\t\t<\/div>\n\t\t<\/div>\n\t\t\t\t\t<\/div>\n\t\t<\/section>\n\t\t\t\t<\/div>\n\t\t","protected":false},"excerpt":{"rendered":"<p>CURSO INTENSIVO FASE PRIVADA Duraci\u00f3n4 Meses Abril &#8211; Julio 2024 CONTENIDO:\u2705 Derecho Notariado\u2705 Derecho Civil\u2705 Derecho Procesal Civil\u2705 Derecho Mercantil\u2705 Redacci\u00f3n Notarial HORARIO:PRESENCIAL D\u00eda s\u00e1badoDe 8:00 am a 16:00 HRS CUPO LIMITADO___________________ Fecha de inicio de clases:S\u00e1bado 6 de ABRIL del 2024 CUPO LIMITADO Incluye:\ud83d\udc49\ud83c\udffbAcceso a plataformas virtuales \ud83d\udc49\ud83c\udffbMaterial de estudio: gu\u00edas, cuestionarios y presentaciones [&hellip;]<\/p>\n","protected":false},"author":1,"featured_media":0,"parent":0,"menu_order":0,"comment_status":"closed","ping_status":"closed","template":"","meta":{"_uag_custom_page_level_css":"","site-sidebar-layout":"no-sidebar","site-content-layout":"page-builder","ast-site-content-layout":"full-width-container","site-content-style":"default","site-sidebar-style":"default","ast-global-header-display":"","ast-banner-title-visibility":"","ast-main-header-display":"","ast-hfb-above-header-display":"","ast-hfb-below-header-display":"","ast-hfb-mobile-header-display":"","site-post-title":"disabled","ast-breadcrumbs-content":"","ast-featured-img":"disabled","footer-sml-layout":"","theme-transparent-header-meta":"","adv-header-id-meta":"","stick-header-meta":"","header-above-stick-meta":"","header-main-stick-meta":"","header-below-stick-meta":"","astra-migrate-meta-layouts":"set","ast-page-background-enabled":"default","ast-page-background-meta":{"desktop":{"background-color":"","background-image":"","background-repeat":"repeat","background-position":"center center","background-size":"auto","background-attachment":"scroll","background-type":"","background-media":"","overlay-type":"","overlay-color":"","overlay-gradient":""},"tablet":{"background-color":"","background-image":"","background-repeat":"repeat","background-position":"center center","background-size":"auto","background-attachment":"scroll","background-type":"","background-media":"","overlay-type":"","overlay-color":"","overlay-gradient":""},"mobile":{"background-color":"","background-image":"","background-repeat":"repeat","background-position":"center center","background-size":"auto","background-attachment":"scroll","background-type":"","background-media":"","overlay-type":"","overlay-color":"","overlay-gradient":""}},"ast-content-background-meta":{"desktop":{"background-color":"var(--ast-global-color-5)","background-image":"","background-repeat":"repeat","background-position":"center center","background-size":"auto","background-attachment":"scroll","background-type":"","background-media":"","overlay-type":"","overlay-color":"","overlay-gradient":""},"tablet":{"background-color":"var(--ast-global-color-5)","background-image":"","background-repeat":"repeat","background-position":"center center","background-size":"auto","background-attachment":"scroll","background-type":"","background-media":"","overlay-type":"","overlay-color":"","overlay-gradient":""},"mobile":{"background-color":"var(--ast-global-color-5)","background-image":"","background-repeat":"repeat","background-position":"center center","background-size":"auto","background-attachment":"scroll","background-type":"","background-media":"","overlay-type":"","overlay-color":"","overlay-gradient":""}},"_themeisle_gutenberg_block_has_review":false,"_joinchat":[],"footnotes":""},"class_list":["post-27576","page","type-page","status-publish","hentry"],"uagb_featured_image_src":{"full":false,"thumbnail":false,"medium":false,"medium_large":false,"large":false,"1536x1536":false,"2048x2048":false,"woocommerce_thumbnail":false,"woocommerce_single":false,"woocommerce_gallery_thumbnail":false},"uagb_author_info":{"display_name":"academia","author_link":"https:\/\/academiaiure.com\/inicio\/author\/academia\/"},"uagb_comment_info":0,"uagb_excerpt":"CURSO INTENSIVO FASE PRIVADA Duraci\u00f3n4 Meses Abril &#8211; Julio 2024 CONTENIDO:\u2705 Derecho Notariado\u2705 Derecho Civil\u2705 Derecho Procesal Civil\u2705 Derecho Mercantil\u2705 Redacci\u00f3n Notarial HORARIO:PRESENCIAL D\u00eda s\u00e1badoDe 8:00 am a 16:00 HRS CUPO LIMITADO___________________ Fecha de inicio de clases:S\u00e1bado 6 de ABRIL del 2024 CUPO LIMITADO Incluye:\ud83d\udc49\ud83c\udffbAcceso a plataformas virtuales \ud83d\udc49\ud83c\udffbMaterial de estudio: gu\u00edas, cuestionarios y presentaciones&hellip;","_links":{"self":[{"href":"https:\/\/academiaiure.com\/inicio\/wp-json\/wp\/v2\/pages\/27576","targetHints":{"allow":["GET"]}}],"collection":[{"href":"https:\/\/academiaiure.com\/inicio\/wp-json\/wp\/v2\/pages"}],"about":[{"href":"https:\/\/academiaiure.com\/inicio\/wp-json\/wp\/v2\/types\/page"}],"author":[{"embeddable":true,"href":"https:\/\/academiaiure.com\/inicio\/wp-json\/wp\/v2\/users\/1"}],"replies":[{"embeddable":true,"href":"https:\/\/academiaiure.com\/inicio\/wp-json\/wp\/v2\/comments?post=27576"}],"version-history":[{"count":23,"href":"https:\/\/academiaiure.com\/inicio\/wp-json\/wp\/v2\/pages\/27576\/revisions"}],"predecessor-version":[{"id":27715,"href":"https:\/\/academiaiure.com\/inicio\/wp-json\/wp\/v2\/pages\/27576\/revisions\/27715"}],"wp:attachment":[{"href":"https:\/\/academiaiure.com\/inicio\/wp-json\/wp\/v2\/media?parent=27576"}],"curies":[{"name":"wp","href":"https:\/\/api.w.org\/{rel}","templated":true}]}}